{"id":19,"date":"2026-02-25T09:55:22","date_gmt":"2026-02-25T09:55:22","guid":{"rendered":"https:\/\/asesoriamacanas.rkinformatika.online\/?page_id=19"},"modified":"2026-02-25T12:54:24","modified_gmt":"2026-02-25T12:54:24","slug":"servicios","status":"publish","type":"page","link":"https:\/\/asesoriamacanas.com\/en\/servicios\/","title":{"rendered":"Services"},"content":{"rendered":"<div data-elementor-type=\"wp-page\" data-elementor-id=\"19\" class=\"elementor elementor-19\" data-elementor-post-type=\"page\">\n\t\t\t\t<div class=\"elementor-element elementor-element-f27082d e-flex e-con-boxed e-con e-parent\" data-id=\"f27082d\" data-element_type=\"container\" data-e-type=\"container\" id=\"asesoria-contable\" data-settings=\"{&quot;background_background&quot;:&quot;classic&quot;}\">\n\t\t\t\t\t<div class=\"e-con-inner\">\n\t\t\t\t\t<\/div>\n\t\t\t\t<\/div>\n\t\t<div class=\"elementor-element elementor-element-4262420 e-flex e-con-boxed e-con e-parent\" data-id=\"4262420\" data-element_type=\"container\" data-e-type=\"container\" data-settings=\"{&quot;background_background&quot;:&quot;classic&quot;}\">\n\t\t\t\t\t<div class=\"e-con-inner\">\n\t\t<div class=\"elementor-element elementor-element-0c185b6 e-con-full e-flex e-con e-child\" data-id=\"0c185b6\" data-element_type=\"container\" data-e-type=\"container\" data-settings=\"{&quot;background_background&quot;:&quot;classic&quot;}\">\n\t\t\t\t<div class=\"elementor-element elementor-element-f7b59cf elementor-widget elementor-widget-spacer\" data-id=\"f7b59cf\" data-element_type=\"widget\" data-e-type=\"widget\" data-widget_type=\"spacer.default\">\n\t\t\t\t\t\t\t<div class=\"elementor-spacer\">\n\t\t\t<div class=\"elementor-spacer-inner\"><\/div>\n\t\t<\/div>\n\t\t\t\t\t\t<\/div>\n\t\t\t\t<\/div>\n\t\t<div class=\"elementor-element elementor-element-8891d98 e-con-full e-flex e-con e-child\" data-id=\"8891d98\" data-element_type=\"container\" data-e-type=\"container\" data-settings=\"{&quot;background_background&quot;:&quot;classic&quot;}\">\n\t\t\t\t<div class=\"elementor-element elementor-element-229eff1 elementor-widget elementor-widget-heading\" data-id=\"229eff1\" data-element_type=\"widget\" data-e-type=\"widget\" data-widget_type=\"heading.default\">\n\t\t\t\t\t<h2 class=\"elementor-heading-title elementor-size-default\">Asesor\u00eda contable<\/h2>\t\t\t\t<\/div>\n\t\t\t\t<div class=\"elementor-element elementor-element-e7135b9 elementor-widget elementor-widget-text-editor\" data-id=\"e7135b9\" data-element_type=\"widget\" data-e-type=\"widget\" data-widget_type=\"text-editor.default\">\n\t\t\t\t\t\t\t\t\t<p>Llevamos tu contabilidad al d\u00eda para que tengas control financiero y tomes decisiones con informaci\u00f3n fiable.<\/p>\t\t\t\t\t\t\t\t<\/div>\n\t\t\t\t<div class=\"elementor-element elementor-element-b86cc2a elementor-widget elementor-widget-button\" data-id=\"b86cc2a\" data-element_type=\"widget\" data-e-type=\"widget\" data-widget_type=\"button.default\">\n\t\t\t\t\t\t\t\t\t\t<a class=\"elementor-button elementor-button-link elementor-size-sm elementor-animation-wobble-horizontal\" href=\"\/en\/contacto\/\">\n\t\t\t\t\t\t<span class=\"elementor-button-content-wrapper\">\n\t\t\t\t\t\t\t\t\t<span class=\"elementor-button-text\">More information<\/span>\n\t\t\t\t\t<\/span>\n\t\t\t\t\t<\/a>\n\t\t\t\t\t\t\t\t<\/div>\n\t\t\t\t<\/div>\n\t\t\t\t\t<\/div>\n\t\t\t\t<\/div>\n\t\t<div class=\"elementor-element elementor-element-02f60f8 e-flex e-con-boxed e-con e-parent\" data-id=\"02f60f8\" data-element_type=\"container\" data-e-type=\"container\" id=\"asesoria-fiscal\" data-settings=\"{&quot;background_background&quot;:&quot;classic&quot;}\">\n\t\t\t\t\t<div class=\"e-con-inner\">\n\t\t\t\t\t<\/div>\n\t\t\t\t<\/div>\n\t\t<div class=\"elementor-element elementor-element-3e7a08e e-flex e-con-boxed e-con e-parent\" data-id=\"3e7a08e\" data-element_type=\"container\" data-e-type=\"container\" data-settings=\"{&quot;background_background&quot;:&quot;classic&quot;}\">\n\t\t\t\t\t<div class=\"e-con-inner\">\n\t\t<div class=\"elementor-element elementor-element-d254eee e-con-full e-flex e-con e-child\" data-id=\"d254eee\" data-element_type=\"container\" data-e-type=\"container\" data-settings=\"{&quot;background_background&quot;:&quot;classic&quot;}\">\n\t\t\t\t<div class=\"elementor-element elementor-element-e30ed5e elementor-widget elementor-widget-spacer\" data-id=\"e30ed5e\" data-element_type=\"widget\" data-e-type=\"widget\" data-widget_type=\"spacer.default\">\n\t\t\t\t\t\t\t<div class=\"elementor-spacer\">\n\t\t\t<div class=\"elementor-spacer-inner\"><\/div>\n\t\t<\/div>\n\t\t\t\t\t\t<\/div>\n\t\t\t\t<\/div>\n\t\t<div class=\"elementor-element elementor-element-489ee30 e-con-full e-flex e-con e-child\" data-id=\"489ee30\" data-element_type=\"container\" data-e-type=\"container\" data-settings=\"{&quot;background_background&quot;:&quot;classic&quot;}\">\n\t\t\t\t<div class=\"elementor-element elementor-element-291680f elementor-widget elementor-widget-heading\" data-id=\"291680f\" data-element_type=\"widget\" data-e-type=\"widget\" data-widget_type=\"heading.default\">\n\t\t\t\t\t<h2 class=\"elementor-heading-title elementor-size-default\">Asesor\u00eda fiscal<\/h2>\t\t\t\t<\/div>\n\t\t\t\t<div class=\"elementor-element elementor-element-5ee82e7 elementor-widget elementor-widget-text-editor\" data-id=\"5ee82e7\" data-element_type=\"widget\" data-e-type=\"widget\" data-widget_type=\"text-editor.default\">\n\t\t\t\t\t\t\t\t\t<p>Gestionamos y planificamos tus obligaciones tributarias en todos los niveles para que cumplas correctamente.<\/p>\t\t\t\t\t\t\t\t<\/div>\n\t\t\t\t<div class=\"elementor-element elementor-element-8855f96 elementor-widget elementor-widget-button\" data-id=\"8855f96\" data-element_type=\"widget\" data-e-type=\"widget\" data-widget_type=\"button.default\">\n\t\t\t\t\t\t\t\t\t\t<a class=\"elementor-button elementor-button-link elementor-size-sm elementor-animation-wobble-horizontal\" href=\"\/en\/contacto\/\">\n\t\t\t\t\t\t<span class=\"elementor-button-content-wrapper\">\n\t\t\t\t\t\t\t\t\t<span class=\"elementor-button-text\">More information<\/span>\n\t\t\t\t\t<\/span>\n\t\t\t\t\t<\/a>\n\t\t\t\t\t\t\t\t<\/div>\n\t\t\t\t<\/div>\n\t\t\t\t\t<\/div>\n\t\t\t\t<\/div>\n\t\t<div class=\"elementor-element elementor-element-d8a5d06 e-flex e-con-boxed e-con e-parent\" data-id=\"d8a5d06\" data-element_type=\"container\" data-e-type=\"container\" id=\"asesoria-laboral\" data-settings=\"{&quot;background_background&quot;:&quot;classic&quot;}\">\n\t\t\t\t\t<div class=\"e-con-inner\">\n\t\t\t\t\t<\/div>\n\t\t\t\t<\/div>\n\t\t<div class=\"elementor-element elementor-element-6239c4a e-flex e-con-boxed e-con e-parent\" data-id=\"6239c4a\" data-element_type=\"container\" data-e-type=\"container\" data-settings=\"{&quot;background_background&quot;:&quot;classic&quot;}\">\n\t\t\t\t\t<div class=\"e-con-inner\">\n\t\t<div class=\"elementor-element elementor-element-3ecfe2a e-con-full e-flex e-con e-child\" data-id=\"3ecfe2a\" data-element_type=\"container\" data-e-type=\"container\" data-settings=\"{&quot;background_background&quot;:&quot;classic&quot;}\">\n\t\t\t\t<div class=\"elementor-element elementor-element-523d521 elementor-widget elementor-widget-spacer\" data-id=\"523d521\" data-element_type=\"widget\" data-e-type=\"widget\" data-widget_type=\"spacer.default\">\n\t\t\t\t\t\t\t<div class=\"elementor-spacer\">\n\t\t\t<div class=\"elementor-spacer-inner\"><\/div>\n\t\t<\/div>\n\t\t\t\t\t\t<\/div>\n\t\t\t\t<\/div>\n\t\t<div class=\"elementor-element elementor-element-30896de e-con-full e-flex e-con e-child\" data-id=\"30896de\" data-element_type=\"container\" data-e-type=\"container\" data-settings=\"{&quot;background_background&quot;:&quot;classic&quot;}\">\n\t\t\t\t<div class=\"elementor-element elementor-element-cf3eba0 elementor-widget elementor-widget-heading\" data-id=\"cf3eba0\" data-element_type=\"widget\" data-e-type=\"widget\" data-widget_type=\"heading.default\">\n\t\t\t\t\t<h2 class=\"elementor-heading-title elementor-size-default\">Asesor\u00eda laboral<\/h2>\t\t\t\t<\/div>\n\t\t\t\t<div class=\"elementor-element elementor-element-9b45522 elementor-widget elementor-widget-text-editor\" data-id=\"9b45522\" data-element_type=\"widget\" data-e-type=\"widget\" data-widget_type=\"text-editor.default\">\n\t\t\t\t\t\t\t\t\t<p>Nos encargamos de la gesti\u00f3n laboral (contratos, n\u00f3minas y seguros sociales) para garantizar orden y cumplimiento en tu negocio.<\/p>\t\t\t\t\t\t\t\t<\/div>\n\t\t\t\t<div class=\"elementor-element elementor-element-569b913 elementor-widget elementor-widget-button\" data-id=\"569b913\" data-element_type=\"widget\" data-e-type=\"widget\" data-widget_type=\"button.default\">\n\t\t\t\t\t\t\t\t\t\t<a class=\"elementor-button elementor-button-link elementor-size-sm elementor-animation-wobble-horizontal\" href=\"\/en\/contacto\/\">\n\t\t\t\t\t\t<span class=\"elementor-button-content-wrapper\">\n\t\t\t\t\t\t\t\t\t<span class=\"elementor-button-text\">More information<\/span>\n\t\t\t\t\t<\/span>\n\t\t\t\t\t<\/a>\n\t\t\t\t\t\t\t\t<\/div>\n\t\t\t\t<\/div>\n\t\t\t\t\t<\/div>\n\t\t\t\t<\/div>\n\t\t<div class=\"elementor-element elementor-element-bd45769 e-flex e-con-boxed e-con e-parent\" data-id=\"bd45769\" data-element_type=\"container\" data-e-type=\"container\" data-settings=\"{&quot;background_background&quot;:&quot;classic&quot;}\">\n\t\t\t\t\t<div class=\"e-con-inner\">\n\t\t\t\t\t<\/div>\n\t\t\t\t<\/div>\n\t\t\t\t<\/div>","protected":false},"excerpt":{"rendered":"<p>Asesor\u00eda contable Llevamos tu contabilidad al d\u00eda para que tengas control financiero y tomes decisiones con informaci\u00f3n fiable. m\u00e1s Informaci\u00f3n Asesor\u00eda fiscal Gestionamos y planificamos tus obligaciones tributarias en todos los niveles para que cumplas correctamente. m\u00e1s Informaci\u00f3n Asesor\u00eda laboral Nos encargamos de la gesti\u00f3n laboral (contratos, n\u00f3minas y seguros sociales) para garantizar orden y [&hellip;]<\/p>\n","protected":false},"author":1,"featured_media":0,"parent":0,"menu_order":0,"comment_status":"closed","ping_status":"closed","template":"elementor_canvas","meta":{"footnotes":""},"class_list":["post-19","page","type-page","status-publish","hentry"],"yoast_head":"<!-- This site is optimized with the Yoast SEO plugin v27.4 - https:\/\/yoast.com\/product\/yoast-seo-wordpress\/ -->\n<title>Servicios - Asesor\u00eda Macan\u00e1s<\/title>\n<meta name=\"robots\" content=\"index, follow, max-snippet:-1, max-image-preview:large, max-video-preview:-1\" \/>\n<link rel=\"canonical\" href=\"https:\/\/asesoriamacanas.com\/en\/servicios\/\" \/>\n<meta property=\"og:locale\" content=\"en_GB\" \/>\n<meta property=\"og:type\" content=\"article\" \/>\n<meta property=\"og:title\" content=\"Servicios - Asesor\u00eda Macan\u00e1s\" \/>\n<meta property=\"og:description\" content=\"Asesor\u00eda contable Llevamos tu contabilidad al d\u00eda para que tengas control financiero y tomes decisiones con informaci\u00f3n fiable. m\u00e1s Informaci\u00f3n Asesor\u00eda fiscal Gestionamos y planificamos tus obligaciones tributarias en todos los niveles para que cumplas correctamente. m\u00e1s Informaci\u00f3n Asesor\u00eda laboral Nos encargamos de la gesti\u00f3n laboral (contratos, n\u00f3minas y seguros sociales) para garantizar orden y [&hellip;]\" \/>\n<meta property=\"og:url\" content=\"https:\/\/asesoriamacanas.com\/en\/servicios\/\" \/>\n<meta property=\"og:site_name\" content=\"Asesor\u00eda Macan\u00e1s\" \/>\n<meta property=\"article:modified_time\" content=\"2026-02-25T12:54:24+00:00\" \/>\n<meta name=\"twitter:card\" content=\"summary_large_image\" \/>\n<meta name=\"twitter:label1\" content=\"Estimated reading time\" \/>\n\t<meta name=\"twitter:data1\" content=\"1 minute\" \/>\n<script type=\"application\/ld+json\" class=\"yoast-schema-graph\">{\"@context\":\"https:\\\/\\\/schema.org\",\"@graph\":[{\"@type\":\"WebPage\",\"@id\":\"https:\\\/\\\/asesoriamacanas.com\\\/servicios\\\/\",\"url\":\"https:\\\/\\\/asesoriamacanas.com\\\/servicios\\\/\",\"name\":\"Servicios - Asesor\u00eda Macan\u00e1s\",\"isPartOf\":{\"@id\":\"https:\\\/\\\/asesoriamacanas.com\\\/#website\"},\"datePublished\":\"2026-02-25T09:55:22+00:00\",\"dateModified\":\"2026-02-25T12:54:24+00:00\",\"breadcrumb\":{\"@id\":\"https:\\\/\\\/asesoriamacanas.com\\\/servicios\\\/#breadcrumb\"},\"inLanguage\":\"en-GB\",\"potentialAction\":[{\"@type\":\"ReadAction\",\"target\":[\"https:\\\/\\\/asesoriamacanas.com\\\/servicios\\\/\"]}]},{\"@type\":\"BreadcrumbList\",\"@id\":\"https:\\\/\\\/asesoriamacanas.com\\\/servicios\\\/#breadcrumb\",\"itemListElement\":[{\"@type\":\"ListItem\",\"position\":1,\"name\":\"Portada\",\"item\":\"https:\\\/\\\/asesoriamacanas.com\\\/\"},{\"@type\":\"ListItem\",\"position\":2,\"name\":\"Servicios\"}]},{\"@type\":\"WebSite\",\"@id\":\"https:\\\/\\\/asesoriamacanas.com\\\/#website\",\"url\":\"https:\\\/\\\/asesoriamacanas.com\\\/\",\"name\":\"Asesor\u00eda Macan\u00e1s\",\"description\":\"\",\"publisher\":{\"@id\":\"https:\\\/\\\/asesoriamacanas.com\\\/#organization\"},\"potentialAction\":[{\"@type\":\"SearchAction\",\"target\":{\"@type\":\"EntryPoint\",\"urlTemplate\":\"https:\\\/\\\/asesoriamacanas.com\\\/?s={search_term_string}\"},\"query-input\":{\"@type\":\"PropertyValueSpecification\",\"valueRequired\":true,\"valueName\":\"search_term_string\"}}],\"inLanguage\":\"en-GB\"},{\"@type\":\"Organization\",\"@id\":\"https:\\\/\\\/asesoriamacanas.com\\\/#organization\",\"name\":\"Asesor\u00eda Macan\u00e1s\",\"url\":\"https:\\\/\\\/asesoriamacanas.com\\\/\",\"logo\":{\"@type\":\"ImageObject\",\"inLanguage\":\"en-GB\",\"@id\":\"https:\\\/\\\/asesoriamacanas.com\\\/#\\\/schema\\\/logo\\\/image\\\/\",\"url\":\"https:\\\/\\\/asesoriamacanas.com\\\/wp-content\\\/uploads\\\/2026\\\/02\\\/cropped-Logo-naranja-Jose-Antonio-Macanas-Munoz.png\",\"contentUrl\":\"https:\\\/\\\/asesoriamacanas.com\\\/wp-content\\\/uploads\\\/2026\\\/02\\\/cropped-Logo-naranja-Jose-Antonio-Macanas-Munoz.png\",\"width\":1744,\"height\":658,\"caption\":\"Asesor\u00eda Macan\u00e1s\"},\"image\":{\"@id\":\"https:\\\/\\\/asesoriamacanas.com\\\/#\\\/schema\\\/logo\\\/image\\\/\"}}]}<\/script>\n<!-- \/ Yoast SEO plugin. -->","yoast_head_json":{"title":"Servicios - Asesor\u00eda Macan\u00e1s","robots":{"index":"index","follow":"follow","max-snippet":"max-snippet:-1","max-image-preview":"max-image-preview:large","max-video-preview":"max-video-preview:-1"},"canonical":"https:\/\/asesoriamacanas.com\/en\/servicios\/","og_locale":"en_GB","og_type":"article","og_title":"Servicios - Asesor\u00eda Macan\u00e1s","og_description":"Asesor\u00eda contable Llevamos tu contabilidad al d\u00eda para que tengas control financiero y tomes decisiones con informaci\u00f3n fiable. m\u00e1s Informaci\u00f3n Asesor\u00eda fiscal Gestionamos y planificamos tus obligaciones tributarias en todos los niveles para que cumplas correctamente. m\u00e1s Informaci\u00f3n Asesor\u00eda laboral Nos encargamos de la gesti\u00f3n laboral (contratos, n\u00f3minas y seguros sociales) para garantizar orden y [&hellip;]","og_url":"https:\/\/asesoriamacanas.com\/en\/servicios\/","og_site_name":"Asesor\u00eda Macan\u00e1s","article_modified_time":"2026-02-25T12:54:24+00:00","twitter_card":"summary_large_image","twitter_misc":{"Estimated reading time":"1 minute"},"schema":{"@context":"https:\/\/schema.org","@graph":[{"@type":"WebPage","@id":"https:\/\/asesoriamacanas.com\/servicios\/","url":"https:\/\/asesoriamacanas.com\/servicios\/","name":"Servicios - Asesor\u00eda Macan\u00e1s","isPartOf":{"@id":"https:\/\/asesoriamacanas.com\/#website"},"datePublished":"2026-02-25T09:55:22+00:00","dateModified":"2026-02-25T12:54:24+00:00","breadcrumb":{"@id":"https:\/\/asesoriamacanas.com\/servicios\/#breadcrumb"},"inLanguage":"en-GB","potentialAction":[{"@type":"ReadAction","target":["https:\/\/asesoriamacanas.com\/servicios\/"]}]},{"@type":"BreadcrumbList","@id":"https:\/\/asesoriamacanas.com\/servicios\/#breadcrumb","itemListElement":[{"@type":"ListItem","position":1,"name":"Portada","item":"https:\/\/asesoriamacanas.com\/"},{"@type":"ListItem","position":2,"name":"Servicios"}]},{"@type":"WebSite","@id":"https:\/\/asesoriamacanas.com\/#website","url":"https:\/\/asesoriamacanas.com\/","name":"Macanas Consulting","description":"","publisher":{"@id":"https:\/\/asesoriamacanas.com\/#organization"},"potentialAction":[{"@type":"SearchAction","target":{"@type":"EntryPoint","urlTemplate":"https:\/\/asesoriamacanas.com\/?s={search_term_string}"},"query-input":{"@type":"PropertyValueSpecification","valueRequired":true,"valueName":"search_term_string"}}],"inLanguage":"en-GB"},{"@type":"Organization","@id":"https:\/\/asesoriamacanas.com\/#organization","name":"Macanas Consulting","url":"https:\/\/asesoriamacanas.com\/","logo":{"@type":"ImageObject","inLanguage":"en-GB","@id":"https:\/\/asesoriamacanas.com\/#\/schema\/logo\/image\/","url":"https:\/\/asesoriamacanas.com\/wp-content\/uploads\/2026\/02\/cropped-Logo-naranja-Jose-Antonio-Macanas-Munoz.png","contentUrl":"https:\/\/asesoriamacanas.com\/wp-content\/uploads\/2026\/02\/cropped-Logo-naranja-Jose-Antonio-Macanas-Munoz.png","width":1744,"height":658,"caption":"Asesor\u00eda Macan\u00e1s"},"image":{"@id":"https:\/\/asesoriamacanas.com\/#\/schema\/logo\/image\/"}}]}},"_links":{"self":[{"href":"https:\/\/asesoriamacanas.com\/en\/wp-json\/wp\/v2\/pages\/19","targetHints":{"allow":["GET"]}}],"collection":[{"href":"https:\/\/asesoriamacanas.com\/en\/wp-json\/wp\/v2\/pages"}],"about":[{"href":"https:\/\/asesoriamacanas.com\/en\/wp-json\/wp\/v2\/types\/page"}],"author":[{"embeddable":true,"href":"https:\/\/asesoriamacanas.com\/en\/wp-json\/wp\/v2\/users\/1"}],"replies":[{"embeddable":true,"href":"https:\/\/asesoriamacanas.com\/en\/wp-json\/wp\/v2\/comments?post=19"}],"version-history":[{"count":106,"href":"https:\/\/asesoriamacanas.com\/en\/wp-json\/wp\/v2\/pages\/19\/revisions"}],"predecessor-version":[{"id":443,"href":"https:\/\/asesoriamacanas.com\/en\/wp-json\/wp\/v2\/pages\/19\/revisions\/443"}],"wp:attachment":[{"href":"https:\/\/asesoriamacanas.com\/en\/wp-json\/wp\/v2\/media?parent=19"}],"curies":[{"name":"wp","href":"https:\/\/api.w.org\/{rel}","templated":true}]}}