{"id":29,"date":"2026-02-25T09:58:35","date_gmt":"2026-02-25T09:58:35","guid":{"rendered":"https:\/\/asesoriamacanas.rkinformatika.online\/?page_id=29"},"modified":"2026-02-25T13:26:54","modified_gmt":"2026-02-25T13:26:54","slug":"sobre-nosotros","status":"publish","type":"page","link":"https:\/\/asesoriamacanas.com\/en\/sobre-nosotros\/","title":{"rendered":"About us"},"content":{"rendered":"<div data-elementor-type=\"wp-page\" data-elementor-id=\"29\" class=\"elementor elementor-29\" data-elementor-post-type=\"page\">\n\t\t\t\t<div class=\"elementor-element elementor-element-04289a8 e-flex e-con-boxed e-con e-parent\" data-id=\"04289a8\" data-element_type=\"container\" data-e-type=\"container\" data-settings=\"{&quot;background_background&quot;:&quot;classic&quot;}\">\n\t\t\t\t\t<div class=\"e-con-inner\">\n\t\t<div class=\"elementor-element elementor-element-885ac6f e-con-full e-flex e-con e-child\" data-id=\"885ac6f\" data-element_type=\"container\" data-e-type=\"container\" data-settings=\"{&quot;background_background&quot;:&quot;classic&quot;}\">\n\t\t\t\t<div class=\"elementor-element elementor-element-5abdb9a elementor-widget elementor-widget-spacer\" data-id=\"5abdb9a\" data-element_type=\"widget\" data-e-type=\"widget\" data-widget_type=\"spacer.default\">\n\t\t\t\t\t\t\t<div class=\"elementor-spacer\">\n\t\t\t<div class=\"elementor-spacer-inner\"><\/div>\n\t\t<\/div>\n\t\t\t\t\t\t<\/div>\n\t\t\t\t<\/div>\n\t\t<div class=\"elementor-element elementor-element-b317a8c e-con-full e-flex e-con e-child\" data-id=\"b317a8c\" data-element_type=\"container\" data-e-type=\"container\" data-settings=\"{&quot;background_background&quot;:&quot;classic&quot;}\">\n\t\t\t\t<div class=\"elementor-element elementor-element-c0e3e85 elementor-widget elementor-widget-heading\" data-id=\"c0e3e85\" data-element_type=\"widget\" data-e-type=\"widget\" data-widget_type=\"heading.default\">\n\t\t\t\t\t<h2 class=\"elementor-heading-title elementor-size-default\">El futuro del asesoramiento empieza hoy, con nosotros a tu lado.<\/h2>\t\t\t\t<\/div>\n\t\t\t\t<div class=\"elementor-element elementor-element-a8aae1b elementor-widget elementor-widget-text-editor\" data-id=\"a8aae1b\" data-element_type=\"widget\" data-e-type=\"widget\" data-widget_type=\"text-editor.default\">\n\t\t\t\t\t\t\t\t\t<p>Asesoramiento experto acompa\u00f1\u00e1ndote.<\/p>\t\t\t\t\t\t\t\t<\/div>\n\t\t\t\t<div class=\"elementor-element elementor-element-414b8e5 elementor-widget elementor-widget-button\" data-id=\"414b8e5\" data-element_type=\"widget\" data-e-type=\"widget\" data-widget_type=\"button.default\">\n\t\t\t\t\t\t\t\t\t\t<a class=\"elementor-button elementor-button-link elementor-size-sm elementor-animation-wobble-horizontal\" href=\"\/en\/contacto\/\">\n\t\t\t\t\t\t<span class=\"elementor-button-content-wrapper\">\n\t\t\t\t\t\t\t\t\t<span class=\"elementor-button-text\">More information<\/span>\n\t\t\t\t\t<\/span>\n\t\t\t\t\t<\/a>\n\t\t\t\t\t\t\t\t<\/div>\n\t\t\t\t<\/div>\n\t\t\t\t\t<\/div>\n\t\t\t\t<\/div>\n\t\t<div class=\"elementor-element elementor-element-6cb917a e-flex e-con-boxed e-con e-parent\" data-id=\"6cb917a\" data-element_type=\"container\" data-e-type=\"container\" data-settings=\"{&quot;background_background&quot;:&quot;classic&quot;}\">\n\t\t\t\t\t<div class=\"e-con-inner\">\n\t\t<div class=\"elementor-element elementor-element-0f7abcf e-con-full e-flex e-con e-child\" data-id=\"0f7abcf\" data-element_type=\"container\" data-e-type=\"container\" data-settings=\"{&quot;background_background&quot;:&quot;classic&quot;}\">\n\t\t\t\t<div class=\"elementor-element elementor-element-4d3cc1d elementor-widget elementor-widget-heading\" data-id=\"4d3cc1d\" data-element_type=\"widget\" data-e-type=\"widget\" data-widget_type=\"heading.default\">\n\t\t\t\t\t<h2 class=\"elementor-heading-title elementor-size-default\">About us<\/h2>\t\t\t\t<\/div>\n\t\t\t\t<div class=\"elementor-element elementor-element-d99f025 elementor-widget elementor-widget-text-editor\" data-id=\"d99f025\" data-element_type=\"widget\" data-e-type=\"widget\" data-widget_type=\"text-editor.default\">\n\t\t\t\t\t\t\t\t\t<p>Desde 1981, nuestra empresa ha estado ofreciendo servicios de <strong data-start=\"82\" data-end=\"126\">asesoramiento fiscal, laboral y contable<\/strong> en Totana y Murcia. A lo largo de los a\u00f1os, nos hemos consolidado como un referente en la gesti\u00f3n integral de las obligaciones tributarias, laborales y contables de empresas y aut\u00f3nomos. Nos especializamos en brindar soluciones personalizadas, con un enfoque cercano y profesional, para garantizar el cumplimiento normativo y optimizar la gesti\u00f3n financiera de nuestros clientes. Con m\u00e1s de 40 a\u00f1os de experiencia, nuestra misi\u00f3n sigue siendo acompa\u00f1ar a nuestros clientes en su crecimiento y desarrollo, proporcion\u00e1ndoles seguridad y tranquilidad en cada aspecto de su gesti\u00f3n.<\/p>\t\t\t\t\t\t\t\t<\/div>\n\t\t\t\t<\/div>\n\t\t\t\t\t<\/div>\n\t\t\t\t<\/div>\n\t\t\t\t<\/div>","protected":false},"excerpt":{"rendered":"<p>El futuro del asesoramiento empieza hoy, con nosotros a tu lado. Asesoramiento experto acompa\u00f1\u00e1ndote. m\u00e1s Informaci\u00f3n Sobre Nosotros Desde 1981, nuestra empresa ha estado ofreciendo servicios de asesoramiento fiscal, laboral y contable en Totana y Murcia. A lo largo de los a\u00f1os, nos hemos consolidado como un referente en la gesti\u00f3n integral de las obligaciones [&hellip;]<\/p>\n","protected":false},"author":1,"featured_media":0,"parent":0,"menu_order":0,"comment_status":"closed","ping_status":"closed","template":"elementor_canvas","meta":{"footnotes":""},"class_list":["post-29","page","type-page","status-publish","hentry"],"yoast_head":"<!-- This site is optimized with the Yoast SEO plugin v27.4 - https:\/\/yoast.com\/product\/yoast-seo-wordpress\/ -->\n<title>Sobre Nosotros - Asesor\u00eda Macan\u00e1s<\/title>\n<meta name=\"robots\" content=\"index, follow, max-snippet:-1, max-image-preview:large, max-video-preview:-1\" \/>\n<link rel=\"canonical\" href=\"https:\/\/asesoriamacanas.com\/en\/sobre-nosotros\/\" \/>\n<meta property=\"og:locale\" content=\"en_GB\" \/>\n<meta property=\"og:type\" content=\"article\" \/>\n<meta property=\"og:title\" content=\"Sobre Nosotros - Asesor\u00eda Macan\u00e1s\" \/>\n<meta property=\"og:description\" content=\"El futuro del asesoramiento empieza hoy, con nosotros a tu lado. Asesoramiento experto acompa\u00f1\u00e1ndote. m\u00e1s Informaci\u00f3n Sobre Nosotros Desde 1981, nuestra empresa ha estado ofreciendo servicios de asesoramiento fiscal, laboral y contable en Totana y Murcia. A lo largo de los a\u00f1os, nos hemos consolidado como un referente en la gesti\u00f3n integral de las obligaciones [&hellip;]\" \/>\n<meta property=\"og:url\" content=\"https:\/\/asesoriamacanas.com\/en\/sobre-nosotros\/\" \/>\n<meta property=\"og:site_name\" content=\"Asesor\u00eda Macan\u00e1s\" \/>\n<meta property=\"article:modified_time\" content=\"2026-02-25T13:26:54+00:00\" \/>\n<meta name=\"twitter:card\" content=\"summary_large_image\" \/>\n<meta name=\"twitter:label1\" content=\"Estimated reading time\" \/>\n\t<meta name=\"twitter:data1\" content=\"1 minute\" \/>\n<script type=\"application\/ld+json\" class=\"yoast-schema-graph\">{\"@context\":\"https:\\\/\\\/schema.org\",\"@graph\":[{\"@type\":\"WebPage\",\"@id\":\"https:\\\/\\\/asesoriamacanas.com\\\/sobre-nosotros\\\/\",\"url\":\"https:\\\/\\\/asesoriamacanas.com\\\/sobre-nosotros\\\/\",\"name\":\"Sobre Nosotros - Asesor\u00eda Macan\u00e1s\",\"isPartOf\":{\"@id\":\"https:\\\/\\\/asesoriamacanas.com\\\/#website\"},\"datePublished\":\"2026-02-25T09:58:35+00:00\",\"dateModified\":\"2026-02-25T13:26:54+00:00\",\"breadcrumb\":{\"@id\":\"https:\\\/\\\/asesoriamacanas.com\\\/sobre-nosotros\\\/#breadcrumb\"},\"inLanguage\":\"en-GB\",\"potentialAction\":[{\"@type\":\"ReadAction\",\"target\":[\"https:\\\/\\\/asesoriamacanas.com\\\/sobre-nosotros\\\/\"]}]},{\"@type\":\"BreadcrumbList\",\"@id\":\"https:\\\/\\\/asesoriamacanas.com\\\/sobre-nosotros\\\/#breadcrumb\",\"itemListElement\":[{\"@type\":\"ListItem\",\"position\":1,\"name\":\"Portada\",\"item\":\"https:\\\/\\\/asesoriamacanas.com\\\/\"},{\"@type\":\"ListItem\",\"position\":2,\"name\":\"Sobre Nosotros\"}]},{\"@type\":\"WebSite\",\"@id\":\"https:\\\/\\\/asesoriamacanas.com\\\/#website\",\"url\":\"https:\\\/\\\/asesoriamacanas.com\\\/\",\"name\":\"Asesor\u00eda Macan\u00e1s\",\"description\":\"\",\"publisher\":{\"@id\":\"https:\\\/\\\/asesoriamacanas.com\\\/#organization\"},\"potentialAction\":[{\"@type\":\"SearchAction\",\"target\":{\"@type\":\"EntryPoint\",\"urlTemplate\":\"https:\\\/\\\/asesoriamacanas.com\\\/?s={search_term_string}\"},\"query-input\":{\"@type\":\"PropertyValueSpecification\",\"valueRequired\":true,\"valueName\":\"search_term_string\"}}],\"inLanguage\":\"en-GB\"},{\"@type\":\"Organization\",\"@id\":\"https:\\\/\\\/asesoriamacanas.com\\\/#organization\",\"name\":\"Asesor\u00eda Macan\u00e1s\",\"url\":\"https:\\\/\\\/asesoriamacanas.com\\\/\",\"logo\":{\"@type\":\"ImageObject\",\"inLanguage\":\"en-GB\",\"@id\":\"https:\\\/\\\/asesoriamacanas.com\\\/#\\\/schema\\\/logo\\\/image\\\/\",\"url\":\"https:\\\/\\\/asesoriamacanas.com\\\/wp-content\\\/uploads\\\/2026\\\/02\\\/cropped-Logo-naranja-Jose-Antonio-Macanas-Munoz.png\",\"contentUrl\":\"https:\\\/\\\/asesoriamacanas.com\\\/wp-content\\\/uploads\\\/2026\\\/02\\\/cropped-Logo-naranja-Jose-Antonio-Macanas-Munoz.png\",\"width\":1744,\"height\":658,\"caption\":\"Asesor\u00eda Macan\u00e1s\"},\"image\":{\"@id\":\"https:\\\/\\\/asesoriamacanas.com\\\/#\\\/schema\\\/logo\\\/image\\\/\"}}]}<\/script>\n<!-- \/ Yoast SEO plugin. -->","yoast_head_json":{"title":"Sobre Nosotros - Asesor\u00eda Macan\u00e1s","robots":{"index":"index","follow":"follow","max-snippet":"max-snippet:-1","max-image-preview":"max-image-preview:large","max-video-preview":"max-video-preview:-1"},"canonical":"https:\/\/asesoriamacanas.com\/en\/sobre-nosotros\/","og_locale":"en_GB","og_type":"article","og_title":"Sobre Nosotros - Asesor\u00eda Macan\u00e1s","og_description":"El futuro del asesoramiento empieza hoy, con nosotros a tu lado. Asesoramiento experto acompa\u00f1\u00e1ndote. m\u00e1s Informaci\u00f3n Sobre Nosotros Desde 1981, nuestra empresa ha estado ofreciendo servicios de asesoramiento fiscal, laboral y contable en Totana y Murcia. A lo largo de los a\u00f1os, nos hemos consolidado como un referente en la gesti\u00f3n integral de las obligaciones [&hellip;]","og_url":"https:\/\/asesoriamacanas.com\/en\/sobre-nosotros\/","og_site_name":"Asesor\u00eda Macan\u00e1s","article_modified_time":"2026-02-25T13:26:54+00:00","twitter_card":"summary_large_image","twitter_misc":{"Estimated reading time":"1 minute"},"schema":{"@context":"https:\/\/schema.org","@graph":[{"@type":"WebPage","@id":"https:\/\/asesoriamacanas.com\/sobre-nosotros\/","url":"https:\/\/asesoriamacanas.com\/sobre-nosotros\/","name":"Sobre Nosotros - Asesor\u00eda Macan\u00e1s","isPartOf":{"@id":"https:\/\/asesoriamacanas.com\/#website"},"datePublished":"2026-02-25T09:58:35+00:00","dateModified":"2026-02-25T13:26:54+00:00","breadcrumb":{"@id":"https:\/\/asesoriamacanas.com\/sobre-nosotros\/#breadcrumb"},"inLanguage":"en-GB","potentialAction":[{"@type":"ReadAction","target":["https:\/\/asesoriamacanas.com\/sobre-nosotros\/"]}]},{"@type":"BreadcrumbList","@id":"https:\/\/asesoriamacanas.com\/sobre-nosotros\/#breadcrumb","itemListElement":[{"@type":"ListItem","position":1,"name":"Portada","item":"https:\/\/asesoriamacanas.com\/"},{"@type":"ListItem","position":2,"name":"Sobre Nosotros"}]},{"@type":"WebSite","@id":"https:\/\/asesoriamacanas.com\/#website","url":"https:\/\/asesoriamacanas.com\/","name":"Macanas Consulting","description":"","publisher":{"@id":"https:\/\/asesoriamacanas.com\/#organization"},"potentialAction":[{"@type":"SearchAction","target":{"@type":"EntryPoint","urlTemplate":"https:\/\/asesoriamacanas.com\/?s={search_term_string}"},"query-input":{"@type":"PropertyValueSpecification","valueRequired":true,"valueName":"search_term_string"}}],"inLanguage":"en-GB"},{"@type":"Organization","@id":"https:\/\/asesoriamacanas.com\/#organization","name":"Macanas Consulting","url":"https:\/\/asesoriamacanas.com\/","logo":{"@type":"ImageObject","inLanguage":"en-GB","@id":"https:\/\/asesoriamacanas.com\/#\/schema\/logo\/image\/","url":"https:\/\/asesoriamacanas.com\/wp-content\/uploads\/2026\/02\/cropped-Logo-naranja-Jose-Antonio-Macanas-Munoz.png","contentUrl":"https:\/\/asesoriamacanas.com\/wp-content\/uploads\/2026\/02\/cropped-Logo-naranja-Jose-Antonio-Macanas-Munoz.png","width":1744,"height":658,"caption":"Asesor\u00eda Macan\u00e1s"},"image":{"@id":"https:\/\/asesoriamacanas.com\/#\/schema\/logo\/image\/"}}]}},"_links":{"self":[{"href":"https:\/\/asesoriamacanas.com\/en\/wp-json\/wp\/v2\/pages\/29","targetHints":{"allow":["GET"]}}],"collection":[{"href":"https:\/\/asesoriamacanas.com\/en\/wp-json\/wp\/v2\/pages"}],"about":[{"href":"https:\/\/asesoriamacanas.com\/en\/wp-json\/wp\/v2\/types\/page"}],"author":[{"embeddable":true,"href":"https:\/\/asesoriamacanas.com\/en\/wp-json\/wp\/v2\/users\/1"}],"replies":[{"embeddable":true,"href":"https:\/\/asesoriamacanas.com\/en\/wp-json\/wp\/v2\/comments?post=29"}],"version-history":[{"count":82,"href":"https:\/\/asesoriamacanas.com\/en\/wp-json\/wp\/v2\/pages\/29\/revisions"}],"predecessor-version":[{"id":539,"href":"https:\/\/asesoriamacanas.com\/en\/wp-json\/wp\/v2\/pages\/29\/revisions\/539"}],"wp:attachment":[{"href":"https:\/\/asesoriamacanas.com\/en\/wp-json\/wp\/v2\/media?parent=29"}],"curies":[{"name":"wp","href":"https:\/\/api.w.org\/{rel}","templated":true}]}}